{"id":299,"date":"2020-06-19T11:39:06","date_gmt":"2020-06-19T10:39:06","guid":{"rendered":"https:\/\/www.goerg-werbetechnik.de\/?page_id=299"},"modified":"2025-01-20T17:53:52","modified_gmt":"2025-01-20T16:53:52","slug":"blog","status":"publish","type":"page","link":"https:\/\/www.goerg-werbetechnik.de\/index.php\/blog\/","title":{"rendered":"Blog"},"content":{"rendered":"\t\t<div data-elementor-type=\"wp-page\" data-elementor-id=\"299\" class=\"elementor elementor-299\" data-elementor-post-type=\"page\">\n\t\t\t\t\t\t<section class=\"elementor-section elementor-top-section elementor-element elementor-element-5028ab9 elementor-section-stretched elementor-section-height-min-height elementor-section-boxed elementor-section-height-default elementor-section-items-middle\" data-id=\"5028ab9\" data-element_type=\"section\" data-settings=\"{&quot;stretch_section&quot;:&quot;section-stretched&quot;,&quot;background_background&quot;:&quot;classic&quot;}\">\n\t\t\t\t\t\t<div class=\"elementor-container elementor-column-gap-no\">\n\t\t\t\t\t<div class=\"elementor-column elementor-col-50 elementor-top-column elementor-element elementor-element-2adef51 elementor-hidden-tablet elementor-hidden-phone\" data-id=\"2adef51\" data-element_type=\"column\">\n\t\t\t<div class=\"elementor-widget-wrap\">\n\t\t\t\t\t\t\t<\/div>\n\t\t<\/div>\n\t\t\t\t<div class=\"elementor-column elementor-col-50 elementor-top-column elementor-element elementor-element-1733a1c\" data-id=\"1733a1c\" data-element_type=\"column\" data-settings=\"{&quot;background_background&quot;:&quot;classic&quot;}\">\n\t\t\t<div class=\"elementor-widget-wrap elementor-element-populated\">\n\t\t\t\t\t\t<div class=\"elementor-element elementor-element-f658cdb elementor-widget elementor-widget-heading\" data-id=\"f658cdb\" data-element_type=\"widget\" data-widget_type=\"heading.default\">\n\t\t\t\t<div class=\"elementor-widget-container\">\n\t\t\t\t\t<h2 class=\"elementor-heading-title elementor-size-default\">Blog<\/h2>\t\t\t\t<\/div>\n\t\t\t\t<\/div>\n\t\t\t\t<div class=\"elementor-element elementor-element-018c933 elementor-widget-divider--view-line elementor-widget elementor-widget-divider\" data-id=\"018c933\" data-element_type=\"widget\" data-widget_type=\"divider.default\">\n\t\t\t\t<div class=\"elementor-widget-container\">\n\t\t\t\t\t\t\t<div class=\"elementor-divider\">\n\t\t\t<span class=\"elementor-divider-separator\">\n\t\t\t\t\t\t<\/span>\n\t\t<\/div>\n\t\t\t\t\t\t<\/div>\n\t\t\t\t<\/div>\n\t\t\t\t\t<\/div>\n\t\t<\/div>\n\t\t\t\t\t<\/div>\n\t\t<\/section>\n\t\t\t\t<section class=\"elementor-section elementor-top-section elementor-element elementor-element-2d91d8f elementor-section-boxed elementor-section-height-default elementor-section-height-default\" data-id=\"2d91d8f\" data-element_type=\"section\" data-settings=\"{&quot;shape_divider_bottom&quot;:&quot;opacity-tilt&quot;}\">\n\t\t\t\t\t<div class=\"elementor-shape elementor-shape-bottom\" data-negative=\"false\">\n\t\t\t<svg xmlns=\"http:\/\/www.w3.org\/2000\/svg\" viewBox=\"0 0 2600 131.1\" preserveAspectRatio=\"none\">\n\t<path class=\"elementor-shape-fill\" d=\"M0 0L2600 0 2600 69.1 0 0z\"\/>\n\t<path class=\"elementor-shape-fill\" style=\"opacity:0.5\" d=\"M0 0L2600 0 2600 69.1 0 69.1z\"\/>\n\t<path class=\"elementor-shape-fill\" style=\"opacity:0.25\" d=\"M2600 0L0 0 0 130.1 2600 69.1z\"\/>\n<\/svg>\t\t<\/div>\n\t\t\t\t\t<div class=\"elementor-container elementor-column-gap-default\">\n\t\t\t\t\t<div class=\"elementor-column elementor-col-100 elementor-top-column elementor-element elementor-element-2fea604\" data-id=\"2fea604\" data-element_type=\"column\">\n\t\t\t<div class=\"elementor-widget-wrap elementor-element-populated\">\n\t\t\t\t\t\t<div class=\"elementor-element elementor-element-14b08c6 elementor-posts--align-left elementor-grid-3 elementor-grid-tablet-2 elementor-grid-mobile-1 elementor-posts--thumbnail-top elementor-card-shadow-yes elementor-posts__hover-gradient elementor-widget elementor-widget-posts\" data-id=\"14b08c6\" data-element_type=\"widget\" data-settings=\"{&quot;pagination_type&quot;:&quot;numbers_and_prev_next&quot;,&quot;cards_columns&quot;:&quot;3&quot;,&quot;cards_columns_tablet&quot;:&quot;2&quot;,&quot;cards_columns_mobile&quot;:&quot;1&quot;,&quot;cards_row_gap&quot;:{&quot;unit&quot;:&quot;px&quot;,&quot;size&quot;:35,&quot;sizes&quot;:[]},&quot;cards_row_gap_tablet&quot;:{&quot;unit&quot;:&quot;px&quot;,&quot;size&quot;:&quot;&quot;,&quot;sizes&quot;:[]},&quot;cards_row_gap_mobile&quot;:{&quot;unit&quot;:&quot;px&quot;,&quot;size&quot;:&quot;&quot;,&quot;sizes&quot;:[]}}\" data-widget_type=\"posts.cards\">\n\t\t\t\t<div class=\"elementor-widget-container\">\n\t\t\t\t\t\t\t<div class=\"elementor-posts-container elementor-posts elementor-posts--skin-cards elementor-grid\">\n\t\t\t\t<article class=\"elementor-post elementor-grid-item post-2462 post type-post status-publish format-standard has-post-thumbnail hentry category-gw\">\n\t\t\t<div class=\"elementor-post__card\">\n\t\t\t\t<a class=\"elementor-post__thumbnail__link\" href=\"https:\/\/www.goerg-werbetechnik.de\/index.php\/2025\/09\/09\/led-in-motion\/\" tabindex=\"-1\" ><div class=\"elementor-post__thumbnail\"><img fetchpriority=\"high\" decoding=\"async\" width=\"768\" height=\"1024\" src=\"https:\/\/www.goerg-werbetechnik.de\/wp-content\/uploads\/2025\/09\/IMG_20250213_143244_resized_20250705_115645269-768x1024.jpg\" class=\"attachment-medium_large size-medium_large wp-image-2463\" alt=\"\" srcset=\"https:\/\/www.goerg-werbetechnik.de\/wp-content\/uploads\/2025\/09\/IMG_20250213_143244_resized_20250705_115645269-768x1024.jpg 768w, https:\/\/www.goerg-werbetechnik.de\/wp-content\/uploads\/2025\/09\/IMG_20250213_143244_resized_20250705_115645269-225x300.jpg 225w, https:\/\/www.goerg-werbetechnik.de\/wp-content\/uploads\/2025\/09\/IMG_20250213_143244_resized_20250705_115645269-1152x1536.jpg 1152w, https:\/\/www.goerg-werbetechnik.de\/wp-content\/uploads\/2025\/09\/IMG_20250213_143244_resized_20250705_115645269.jpg 1368w\" sizes=\"(max-width: 768px) 100vw, 768px\" \/><\/div><\/a>\n\t\t\t\t<div class=\"elementor-post__text\">\n\t\t\t\t<h3 class=\"elementor-post__title\">\n\t\t\t<a href=\"https:\/\/www.goerg-werbetechnik.de\/index.php\/2025\/09\/09\/led-in-motion\/\" >\n\t\t\t\tLED-IN-MOTION\t\t\t<\/a>\n\t\t<\/h3>\n\t\t\t\t<div class=\"elementor-post__excerpt\">\n\t\t\t<p>LED-IN-MOTION &#8230; Videowall, LED-Wand, Leuchtmessewand, Videoscreen, LED-Poster, modulare Videowand, LED-Videowall, Messevideowand \u2013 es gibt viele Bezeichnungen f\u00fcr dieses technische Highlight.<\/p>\n\t\t<\/div>\n\t\t\n\t\t<a class=\"elementor-post__read-more\" href=\"https:\/\/www.goerg-werbetechnik.de\/index.php\/2025\/09\/09\/led-in-motion\/\" aria-label=\"Mehr \u00fcber LED-IN-MOTION\" tabindex=\"-1\" >\n\t\t\tWeiterlesen \u00bb\t\t<\/a>\n\n\t\t\t\t<\/div>\n\t\t\t\t\t<\/div>\n\t\t<\/article>\n\t\t\t\t<article class=\"elementor-post elementor-grid-item post-2450 post type-post status-publish format-standard has-post-thumbnail hentry category-gw\">\n\t\t\t<div class=\"elementor-post__card\">\n\t\t\t\t<a class=\"elementor-post__thumbnail__link\" href=\"https:\/\/www.goerg-werbetechnik.de\/index.php\/2025\/09\/09\/dachmeeting-2025\/\" tabindex=\"-1\" ><div class=\"elementor-post__thumbnail\"><img decoding=\"async\" width=\"768\" height=\"1024\" src=\"https:\/\/www.goerg-werbetechnik.de\/wp-content\/uploads\/2025\/09\/IMG_20250516_163645_resized_20250519_091025098-768x1024.jpg\" class=\"attachment-medium_large size-medium_large wp-image-2458\" alt=\"\" srcset=\"https:\/\/www.goerg-werbetechnik.de\/wp-content\/uploads\/2025\/09\/IMG_20250516_163645_resized_20250519_091025098-768x1024.jpg 768w, https:\/\/www.goerg-werbetechnik.de\/wp-content\/uploads\/2025\/09\/IMG_20250516_163645_resized_20250519_091025098-225x300.jpg 225w, https:\/\/www.goerg-werbetechnik.de\/wp-content\/uploads\/2025\/09\/IMG_20250516_163645_resized_20250519_091025098-1152x1536.jpg 1152w, https:\/\/www.goerg-werbetechnik.de\/wp-content\/uploads\/2025\/09\/IMG_20250516_163645_resized_20250519_091025098.jpg 1368w\" sizes=\"(max-width: 768px) 100vw, 768px\" \/><\/div><\/a>\n\t\t\t\t<div class=\"elementor-post__text\">\n\t\t\t\t<h3 class=\"elementor-post__title\">\n\t\t\t<a href=\"https:\/\/www.goerg-werbetechnik.de\/index.php\/2025\/09\/09\/dachmeeting-2025\/\" >\n\t\t\t\tDachmeeting 2025\t\t\t<\/a>\n\t\t<\/h3>\n\t\t\t\t<div class=\"elementor-post__excerpt\">\n\t\t\t<p>Dachmeeting 2025 &#8230; Wir sind Premiumpartner von Werbetechniker.cc, ein Netzwerk von \u00fcber 150 Werbetechniker aus Deutschland, Schweiz und \u00d6sterreich. Seit<\/p>\n\t\t<\/div>\n\t\t\n\t\t<a class=\"elementor-post__read-more\" href=\"https:\/\/www.goerg-werbetechnik.de\/index.php\/2025\/09\/09\/dachmeeting-2025\/\" aria-label=\"Mehr \u00fcber Dachmeeting 2025\" tabindex=\"-1\" >\n\t\t\tWeiterlesen \u00bb\t\t<\/a>\n\n\t\t\t\t<\/div>\n\t\t\t\t\t<\/div>\n\t\t<\/article>\n\t\t\t\t<article class=\"elementor-post elementor-grid-item post-2441 post type-post status-publish format-standard has-post-thumbnail hentry category-gw\">\n\t\t\t<div class=\"elementor-post__card\">\n\t\t\t\t<a class=\"elementor-post__thumbnail__link\" href=\"https:\/\/www.goerg-werbetechnik.de\/index.php\/2025\/09\/09\/werbetechnik-querbeet\/\" tabindex=\"-1\" ><div class=\"elementor-post__thumbnail\"><img decoding=\"async\" width=\"768\" height=\"489\" src=\"https:\/\/www.goerg-werbetechnik.de\/wp-content\/uploads\/2025\/09\/FB_IMG_1750510250691-768x489.jpg\" class=\"attachment-medium_large size-medium_large wp-image-2443\" alt=\"\" srcset=\"https:\/\/www.goerg-werbetechnik.de\/wp-content\/uploads\/2025\/09\/FB_IMG_1750510250691-768x489.jpg 768w, https:\/\/www.goerg-werbetechnik.de\/wp-content\/uploads\/2025\/09\/FB_IMG_1750510250691-300x191.jpg 300w, https:\/\/www.goerg-werbetechnik.de\/wp-content\/uploads\/2025\/09\/FB_IMG_1750510250691-1024x653.jpg 1024w, https:\/\/www.goerg-werbetechnik.de\/wp-content\/uploads\/2025\/09\/FB_IMG_1750510250691.jpg 1290w\" sizes=\"(max-width: 768px) 100vw, 768px\" \/><\/div><\/a>\n\t\t\t\t<div class=\"elementor-post__text\">\n\t\t\t\t<h3 class=\"elementor-post__title\">\n\t\t\t<a href=\"https:\/\/www.goerg-werbetechnik.de\/index.php\/2025\/09\/09\/werbetechnik-querbeet\/\" >\n\t\t\t\tWerbetechnik-Querbeet\t\t\t<\/a>\n\t\t<\/h3>\n\t\t\t\t<div class=\"elementor-post__excerpt\">\n\t\t\t<p>Werbetechnik-Querbeet &#8230; Bei unsere Kundin ZeitGenug durften wir quasi \u201eQuerbeet\u201c viele unserer Produkte weitergeben. Als erstes kam die gefertigte Fahrzeugbeschriftung,<\/p>\n\t\t<\/div>\n\t\t\n\t\t<a class=\"elementor-post__read-more\" href=\"https:\/\/www.goerg-werbetechnik.de\/index.php\/2025\/09\/09\/werbetechnik-querbeet\/\" aria-label=\"Mehr \u00fcber Werbetechnik-Querbeet\" tabindex=\"-1\" >\n\t\t\tWeiterlesen \u00bb\t\t<\/a>\n\n\t\t\t\t<\/div>\n\t\t\t\t\t<\/div>\n\t\t<\/article>\n\t\t\t\t<article class=\"elementor-post elementor-grid-item post-2423 post type-post status-publish format-standard has-post-thumbnail hentry category-gw\">\n\t\t\t<div class=\"elementor-post__card\">\n\t\t\t\t<a class=\"elementor-post__thumbnail__link\" href=\"https:\/\/www.goerg-werbetechnik.de\/index.php\/2025\/05\/19\/strassensicherheitstechnik\/\" tabindex=\"-1\" ><div class=\"elementor-post__thumbnail\"><img loading=\"lazy\" decoding=\"async\" width=\"768\" height=\"1024\" src=\"https:\/\/www.goerg-werbetechnik.de\/wp-content\/uploads\/2025\/05\/IMG_20250515_120852_resized_20250519_094249236-768x1024.jpg\" class=\"attachment-medium_large size-medium_large wp-image-2430\" alt=\"\" srcset=\"https:\/\/www.goerg-werbetechnik.de\/wp-content\/uploads\/2025\/05\/IMG_20250515_120852_resized_20250519_094249236-768x1024.jpg 768w, https:\/\/www.goerg-werbetechnik.de\/wp-content\/uploads\/2025\/05\/IMG_20250515_120852_resized_20250519_094249236-225x300.jpg 225w, https:\/\/www.goerg-werbetechnik.de\/wp-content\/uploads\/2025\/05\/IMG_20250515_120852_resized_20250519_094249236-1152x1536.jpg 1152w, https:\/\/www.goerg-werbetechnik.de\/wp-content\/uploads\/2025\/05\/IMG_20250515_120852_resized_20250519_094249236-1536x2048.jpg 1536w, https:\/\/www.goerg-werbetechnik.de\/wp-content\/uploads\/2025\/05\/IMG_20250515_120852_resized_20250519_094249236.jpg 1920w\" sizes=\"(max-width: 768px) 100vw, 768px\" \/><\/div><\/a>\n\t\t\t\t<div class=\"elementor-post__text\">\n\t\t\t\t<h3 class=\"elementor-post__title\">\n\t\t\t<a href=\"https:\/\/www.goerg-werbetechnik.de\/index.php\/2025\/05\/19\/strassensicherheitstechnik\/\" >\n\t\t\t\tStra\u00dfensicherheitstechnik\t\t\t<\/a>\n\t\t<\/h3>\n\t\t\t\t<div class=\"elementor-post__excerpt\">\n\t\t\t<p>Stra\u00dfensicherheitstechnik &#8230; Durch unser Netzwerk, Werbetechniker.cc, k\u00f6nnen wir ab sofort, zusammen mit unserem Partner f\u00fcr Strassensicherheitstechnik, genau die Produkte anbieten,<\/p>\n\t\t<\/div>\n\t\t\n\t\t<a class=\"elementor-post__read-more\" href=\"https:\/\/www.goerg-werbetechnik.de\/index.php\/2025\/05\/19\/strassensicherheitstechnik\/\" aria-label=\"Mehr \u00fcber Stra\u00dfensicherheitstechnik\" tabindex=\"-1\" >\n\t\t\tWeiterlesen \u00bb\t\t<\/a>\n\n\t\t\t\t<\/div>\n\t\t\t\t\t<\/div>\n\t\t<\/article>\n\t\t\t\t<article class=\"elementor-post elementor-grid-item post-2397 post type-post status-publish format-standard has-post-thumbnail hentry category-gw\">\n\t\t\t<div class=\"elementor-post__card\">\n\t\t\t\t<a class=\"elementor-post__thumbnail__link\" href=\"https:\/\/www.goerg-werbetechnik.de\/index.php\/2025\/05\/12\/messesystem\/\" tabindex=\"-1\" ><div class=\"elementor-post__thumbnail\"><img loading=\"lazy\" decoding=\"async\" width=\"768\" height=\"576\" src=\"https:\/\/www.goerg-werbetechnik.de\/wp-content\/uploads\/2025\/05\/IMG-20250430-WA0013-768x576.jpg\" class=\"attachment-medium_large size-medium_large wp-image-2405\" alt=\"\" srcset=\"https:\/\/www.goerg-werbetechnik.de\/wp-content\/uploads\/2025\/05\/IMG-20250430-WA0013-768x576.jpg 768w, https:\/\/www.goerg-werbetechnik.de\/wp-content\/uploads\/2025\/05\/IMG-20250430-WA0013-300x225.jpg 300w, https:\/\/www.goerg-werbetechnik.de\/wp-content\/uploads\/2025\/05\/IMG-20250430-WA0013-1024x768.jpg 1024w, https:\/\/www.goerg-werbetechnik.de\/wp-content\/uploads\/2025\/05\/IMG-20250430-WA0013-1536x1152.jpg 1536w, https:\/\/www.goerg-werbetechnik.de\/wp-content\/uploads\/2025\/05\/IMG-20250430-WA0013.jpg 1600w\" sizes=\"(max-width: 768px) 100vw, 768px\" \/><\/div><\/a>\n\t\t\t\t<div class=\"elementor-post__text\">\n\t\t\t\t<h3 class=\"elementor-post__title\">\n\t\t\t<a href=\"https:\/\/www.goerg-werbetechnik.de\/index.php\/2025\/05\/12\/messesystem\/\" >\n\t\t\t\tMessesystem\t\t\t<\/a>\n\t\t<\/h3>\n\t\t\t\t<div class=\"elementor-post__excerpt\">\n\t\t\t<p>Messesystem &#8230; Erkunden Sie mit uns die M\u00f6glichkeiten f\u00fcr Ihr flexibles Messesystem! Unser Kunde, Fliegengitter Michel, hat einen neuen Auftritt<\/p>\n\t\t<\/div>\n\t\t\n\t\t<a class=\"elementor-post__read-more\" href=\"https:\/\/www.goerg-werbetechnik.de\/index.php\/2025\/05\/12\/messesystem\/\" aria-label=\"Mehr \u00fcber Messesystem\" tabindex=\"-1\" >\n\t\t\tWeiterlesen \u00bb\t\t<\/a>\n\n\t\t\t\t<\/div>\n\t\t\t\t\t<\/div>\n\t\t<\/article>\n\t\t\t\t<article class=\"elementor-post elementor-grid-item post-2388 post type-post status-publish format-standard has-post-thumbnail hentry category-gw\">\n\t\t\t<div class=\"elementor-post__card\">\n\t\t\t\t<a class=\"elementor-post__thumbnail__link\" href=\"https:\/\/www.goerg-werbetechnik.de\/index.php\/2025\/05\/12\/folierung\/\" tabindex=\"-1\" ><div class=\"elementor-post__thumbnail\"><img loading=\"lazy\" decoding=\"async\" width=\"768\" height=\"1024\" src=\"https:\/\/www.goerg-werbetechnik.de\/wp-content\/uploads\/2025\/05\/IMG_20240318_153905_resized_20250510_045822390-768x1024.jpg\" class=\"attachment-medium_large size-medium_large wp-image-2392\" alt=\"\" srcset=\"https:\/\/www.goerg-werbetechnik.de\/wp-content\/uploads\/2025\/05\/IMG_20240318_153905_resized_20250510_045822390-768x1024.jpg 768w, https:\/\/www.goerg-werbetechnik.de\/wp-content\/uploads\/2025\/05\/IMG_20240318_153905_resized_20250510_045822390-225x300.jpg 225w, https:\/\/www.goerg-werbetechnik.de\/wp-content\/uploads\/2025\/05\/IMG_20240318_153905_resized_20250510_045822390-1152x1536.jpg 1152w, https:\/\/www.goerg-werbetechnik.de\/wp-content\/uploads\/2025\/05\/IMG_20240318_153905_resized_20250510_045822390.jpg 1368w\" sizes=\"(max-width: 768px) 100vw, 768px\" \/><\/div><\/a>\n\t\t\t\t<div class=\"elementor-post__text\">\n\t\t\t\t<h3 class=\"elementor-post__title\">\n\t\t\t<a href=\"https:\/\/www.goerg-werbetechnik.de\/index.php\/2025\/05\/12\/folierung\/\" >\n\t\t\t\tFolierung\t\t\t<\/a>\n\t\t<\/h3>\n\t\t\t\t<div class=\"elementor-post__excerpt\">\n\t\t\t<p>Folierung &#8230; Hier musste es Brennen und Gl\u00fchen, die Bilderauswahl f\u00fcr das Projekt musste eine super Aufl\u00f6sung haben, damit es<\/p>\n\t\t<\/div>\n\t\t\n\t\t<a class=\"elementor-post__read-more\" href=\"https:\/\/www.goerg-werbetechnik.de\/index.php\/2025\/05\/12\/folierung\/\" aria-label=\"Mehr \u00fcber Folierung\" tabindex=\"-1\" >\n\t\t\tWeiterlesen \u00bb\t\t<\/a>\n\n\t\t\t\t<\/div>\n\t\t\t\t\t<\/div>\n\t\t<\/article>\n\t\t\t\t<article class=\"elementor-post elementor-grid-item post-2357 post type-post status-publish format-standard has-post-thumbnail hentry category-gw\">\n\t\t\t<div class=\"elementor-post__card\">\n\t\t\t\t<a class=\"elementor-post__thumbnail__link\" href=\"https:\/\/www.goerg-werbetechnik.de\/index.php\/2025\/05\/12\/digitaldruck\/\" tabindex=\"-1\" ><div class=\"elementor-post__thumbnail\"><img loading=\"lazy\" decoding=\"async\" width=\"768\" height=\"1024\" src=\"https:\/\/www.goerg-werbetechnik.de\/wp-content\/uploads\/2025\/05\/IMG_20250318_154814_resized_20250510_034834660-768x1024.jpg\" class=\"attachment-medium_large size-medium_large wp-image-2360\" alt=\"\" srcset=\"https:\/\/www.goerg-werbetechnik.de\/wp-content\/uploads\/2025\/05\/IMG_20250318_154814_resized_20250510_034834660-768x1024.jpg 768w, https:\/\/www.goerg-werbetechnik.de\/wp-content\/uploads\/2025\/05\/IMG_20250318_154814_resized_20250510_034834660-225x300.jpg 225w, https:\/\/www.goerg-werbetechnik.de\/wp-content\/uploads\/2025\/05\/IMG_20250318_154814_resized_20250510_034834660-1152x1536.jpg 1152w, https:\/\/www.goerg-werbetechnik.de\/wp-content\/uploads\/2025\/05\/IMG_20250318_154814_resized_20250510_034834660.jpg 1368w\" sizes=\"(max-width: 768px) 100vw, 768px\" \/><\/div><\/a>\n\t\t\t\t<div class=\"elementor-post__text\">\n\t\t\t\t<h3 class=\"elementor-post__title\">\n\t\t\t<a href=\"https:\/\/www.goerg-werbetechnik.de\/index.php\/2025\/05\/12\/digitaldruck\/\" >\n\t\t\t\tDigitaldruck\t\t\t<\/a>\n\t\t<\/h3>\n\t\t\t\t<div class=\"elementor-post__excerpt\">\n\t\t\t<p>Digitaldruck &#8230; Qualit\u00e4t statt Quantit\u00e4t. Ein Qualit\u00e4tsdruck mit Original Mimaki-Farben f\u00fcr hochwertige und langlebige Grafiken &#8211; f\u00fcr die Beklebung von<\/p>\n\t\t<\/div>\n\t\t\n\t\t<a class=\"elementor-post__read-more\" href=\"https:\/\/www.goerg-werbetechnik.de\/index.php\/2025\/05\/12\/digitaldruck\/\" aria-label=\"Mehr \u00fcber Digitaldruck\" tabindex=\"-1\" >\n\t\t\tWeiterlesen \u00bb\t\t<\/a>\n\n\t\t\t\t<\/div>\n\t\t\t\t\t<\/div>\n\t\t<\/article>\n\t\t\t\t<article class=\"elementor-post elementor-grid-item post-2342 post type-post status-publish format-standard has-post-thumbnail hentry category-gw\">\n\t\t\t<div class=\"elementor-post__card\">\n\t\t\t\t<a class=\"elementor-post__thumbnail__link\" href=\"https:\/\/www.goerg-werbetechnik.de\/index.php\/2025\/05\/12\/profilsysteme\/\" tabindex=\"-1\" ><div class=\"elementor-post__thumbnail\"><img loading=\"lazy\" decoding=\"async\" width=\"768\" height=\"1024\" src=\"https:\/\/www.goerg-werbetechnik.de\/wp-content\/uploads\/2025\/05\/IMG_20250321_150132_resized_20250510_125219172-768x1024.jpg\" class=\"attachment-medium_large size-medium_large wp-image-2348\" alt=\"\" srcset=\"https:\/\/www.goerg-werbetechnik.de\/wp-content\/uploads\/2025\/05\/IMG_20250321_150132_resized_20250510_125219172-768x1024.jpg 768w, https:\/\/www.goerg-werbetechnik.de\/wp-content\/uploads\/2025\/05\/IMG_20250321_150132_resized_20250510_125219172-225x300.jpg 225w, https:\/\/www.goerg-werbetechnik.de\/wp-content\/uploads\/2025\/05\/IMG_20250321_150132_resized_20250510_125219172-1152x1536.jpg 1152w, https:\/\/www.goerg-werbetechnik.de\/wp-content\/uploads\/2025\/05\/IMG_20250321_150132_resized_20250510_125219172.jpg 1368w\" sizes=\"(max-width: 768px) 100vw, 768px\" \/><\/div><\/a>\n\t\t\t\t<div class=\"elementor-post__text\">\n\t\t\t\t<h3 class=\"elementor-post__title\">\n\t\t\t<a href=\"https:\/\/www.goerg-werbetechnik.de\/index.php\/2025\/05\/12\/profilsysteme\/\" >\n\t\t\t\tProfilsysteme\t\t\t<\/a>\n\t\t<\/h3>\n\t\t\t\t<div class=\"elementor-post__excerpt\">\n\t\t\t<p>Profilsysteme &#8230; Die Werbetechnik entwickelt sich rasant weiter. M\u00f6glichkeiten um M\u00f6glichkeiten entstehen st\u00e4ndig neu. Weiterbildungen sind hierbei unerl\u00e4sslich. Ob Leuchtgeh\u00e4use,<\/p>\n\t\t<\/div>\n\t\t\n\t\t<a class=\"elementor-post__read-more\" href=\"https:\/\/www.goerg-werbetechnik.de\/index.php\/2025\/05\/12\/profilsysteme\/\" aria-label=\"Mehr \u00fcber Profilsysteme\" tabindex=\"-1\" >\n\t\t\tWeiterlesen \u00bb\t\t<\/a>\n\n\t\t\t\t<\/div>\n\t\t\t\t\t<\/div>\n\t\t<\/article>\n\t\t\t\t<article class=\"elementor-post elementor-grid-item post-2197 post type-post status-publish format-standard has-post-thumbnail hentry category-gw\">\n\t\t\t<div class=\"elementor-post__card\">\n\t\t\t\t<a class=\"elementor-post__thumbnail__link\" href=\"https:\/\/www.goerg-werbetechnik.de\/index.php\/2025\/03\/13\/praxisausstattung\/\" tabindex=\"-1\" ><div class=\"elementor-post__thumbnail\"><img loading=\"lazy\" decoding=\"async\" width=\"768\" height=\"1024\" src=\"https:\/\/www.goerg-werbetechnik.de\/wp-content\/uploads\/2025\/03\/IMG_20250308_132016_resized_20250313_015920428-768x1024.jpg\" class=\"attachment-medium_large size-medium_large wp-image-2204\" alt=\"\" srcset=\"https:\/\/www.goerg-werbetechnik.de\/wp-content\/uploads\/2025\/03\/IMG_20250308_132016_resized_20250313_015920428-768x1024.jpg 768w, https:\/\/www.goerg-werbetechnik.de\/wp-content\/uploads\/2025\/03\/IMG_20250308_132016_resized_20250313_015920428-225x300.jpg 225w, https:\/\/www.goerg-werbetechnik.de\/wp-content\/uploads\/2025\/03\/IMG_20250308_132016_resized_20250313_015920428-1152x1536.jpg 1152w, https:\/\/www.goerg-werbetechnik.de\/wp-content\/uploads\/2025\/03\/IMG_20250308_132016_resized_20250313_015920428-1536x2048.jpg 1536w, https:\/\/www.goerg-werbetechnik.de\/wp-content\/uploads\/2025\/03\/IMG_20250308_132016_resized_20250313_015920428.jpg 1920w\" sizes=\"(max-width: 768px) 100vw, 768px\" \/><\/div><\/a>\n\t\t\t\t<div class=\"elementor-post__text\">\n\t\t\t\t<h3 class=\"elementor-post__title\">\n\t\t\t<a href=\"https:\/\/www.goerg-werbetechnik.de\/index.php\/2025\/03\/13\/praxisausstattung\/\" >\n\t\t\t\tPraxisausstattung\t\t\t<\/a>\n\t\t<\/h3>\n\t\t\t\t<div class=\"elementor-post__excerpt\">\n\t\t\t<p>Praxisausstattung mit Store in Textilrahmen mit und ohne LED \/ Glasdekorfolie &#8230; F\u00fcr eine sch\u00f6ne Atmosph\u00e4re durften wir in der<\/p>\n\t\t<\/div>\n\t\t\n\t\t<a class=\"elementor-post__read-more\" href=\"https:\/\/www.goerg-werbetechnik.de\/index.php\/2025\/03\/13\/praxisausstattung\/\" aria-label=\"Mehr \u00fcber Praxisausstattung\" tabindex=\"-1\" >\n\t\t\tWeiterlesen \u00bb\t\t<\/a>\n\n\t\t\t\t<\/div>\n\t\t\t\t\t<\/div>\n\t\t<\/article>\n\t\t\t\t<\/div>\n\t\t\n\t\t\t\t<div class=\"e-load-more-anchor\" data-page=\"1\" data-max-page=\"4\" data-next-page=\"https:\/\/www.goerg-werbetechnik.de\/index.php\/wp-json\/wp\/v2\/pages\/299\/page\/2\/\"><\/div>\n\t\t\t\t<nav class=\"elementor-pagination\" aria-label=\"Seitennummerierung\">\n\t\t\t<span class=\"page-numbers prev\">&laquo; Zur\u00fcck<\/span>\n<span aria-current=\"page\" class=\"page-numbers current\"><span class=\"elementor-screen-only\">Seite<\/span>1<\/span>\n<a class=\"page-numbers\" href=\"https:\/\/www.goerg-werbetechnik.de\/index.php\/wp-json\/wp\/v2\/pages\/299\/page\/2\/\"><span class=\"elementor-screen-only\">Seite<\/span>2<\/a>\n<a class=\"page-numbers\" href=\"https:\/\/www.goerg-werbetechnik.de\/index.php\/wp-json\/wp\/v2\/pages\/299\/page\/3\/\"><span class=\"elementor-screen-only\">Seite<\/span>3<\/a>\n<a class=\"page-numbers\" href=\"https:\/\/www.goerg-werbetechnik.de\/index.php\/wp-json\/wp\/v2\/pages\/299\/page\/4\/\"><span class=\"elementor-screen-only\">Seite<\/span>4<\/a>\n<a class=\"page-numbers next\" href=\"https:\/\/www.goerg-werbetechnik.de\/index.php\/wp-json\/wp\/v2\/pages\/299\/page\/2\/\">Weiter &raquo;<\/a>\t\t<\/nav>\n\t\t\t\t\t\t<\/div>\n\t\t\t\t<\/div>\n\t\t\t\t\t<\/div>\n\t\t<\/div>\n\t\t\t\t\t<\/div>\n\t\t<\/section>\n\t\t\t\t<\/div>\n\t\t","protected":false},"excerpt":{"rendered":"<p>Blog<\/p>\n","protected":false},"author":1,"featured_media":0,"parent":0,"menu_order":0,"comment_status":"closed","ping_status":"closed","template":"","meta":{"footnotes":""},"class_list":["post-299","page","type-page","status-publish","hentry"],"_links":{"self":[{"href":"https:\/\/www.goerg-werbetechnik.de\/index.php\/wp-json\/wp\/v2\/pages\/299","targetHints":{"allow":["GET"]}}],"collection":[{"href":"https:\/\/www.goerg-werbetechnik.de\/index.php\/wp-json\/wp\/v2\/pages"}],"about":[{"href":"https:\/\/www.goerg-werbetechnik.de\/index.php\/wp-json\/wp\/v2\/types\/page"}],"author":[{"embeddable":true,"href":"https:\/\/www.goerg-werbetechnik.de\/index.php\/wp-json\/wp\/v2\/users\/1"}],"replies":[{"embeddable":true,"href":"https:\/\/www.goerg-werbetechnik.de\/index.php\/wp-json\/wp\/v2\/comments?post=299"}],"version-history":[{"count":37,"href":"https:\/\/www.goerg-werbetechnik.de\/index.php\/wp-json\/wp\/v2\/pages\/299\/revisions"}],"predecessor-version":[{"id":1918,"href":"https:\/\/www.goerg-werbetechnik.de\/index.php\/wp-json\/wp\/v2\/pages\/299\/revisions\/1918"}],"wp:attachment":[{"href":"https:\/\/www.goerg-werbetechnik.de\/index.php\/wp-json\/wp\/v2\/media?parent=299"}],"curies":[{"name":"wp","href":"https:\/\/api.w.org\/{rel}","templated":true}]}}