{"id":554,"date":"2020-07-22T10:33:55","date_gmt":"2020-07-22T09:33:55","guid":{"rendered":"https:\/\/www.goerg-werbetechnik.de\/?page_id=554"},"modified":"2025-03-18T13:39:08","modified_gmt":"2025-03-18T12:39:08","slug":"sonnenschutzfolien","status":"publish","type":"page","link":"https:\/\/www.goerg-werbetechnik.de\/index.php\/sonnenschutzfolien\/","title":{"rendered":"Sonnenschutzfolien"},"content":{"rendered":"\t\t<div data-elementor-type=\"wp-page\" data-elementor-id=\"554\" class=\"elementor elementor-554\" data-elementor-post-type=\"page\">\n\t\t\t\t\t\t<section class=\"elementor-section elementor-top-section elementor-element elementor-element-8a78c59 elementor-section-stretched elementor-section-height-min-height elementor-section-boxed elementor-section-height-default elementor-section-items-middle\" data-id=\"8a78c59\" data-element_type=\"section\" data-settings=\"{&quot;stretch_section&quot;:&quot;section-stretched&quot;,&quot;background_background&quot;:&quot;classic&quot;}\">\n\t\t\t\t\t\t<div class=\"elementor-container elementor-column-gap-no\">\n\t\t\t\t\t<div class=\"elementor-column elementor-col-50 elementor-top-column elementor-element elementor-element-a83c1f9\" data-id=\"a83c1f9\" data-element_type=\"column\" data-settings=\"{&quot;background_background&quot;:&quot;classic&quot;}\">\n\t\t\t<div class=\"elementor-widget-wrap elementor-element-populated\">\n\t\t\t\t\t\t<div class=\"elementor-element elementor-element-3393fd9 elementor-widget elementor-widget-heading\" data-id=\"3393fd9\" data-element_type=\"widget\" data-widget_type=\"heading.default\">\n\t\t\t\t<div class=\"elementor-widget-container\">\n\t\t\t\t\t<h2 class=\"elementor-heading-title elementor-size-default\">Sonnenschutz<\/h2>\t\t\t\t<\/div>\n\t\t\t\t<\/div>\n\t\t\t\t<div class=\"elementor-element elementor-element-570ba20 elementor-widget-divider--view-line elementor-widget elementor-widget-divider\" data-id=\"570ba20\" data-element_type=\"widget\" data-widget_type=\"divider.default\">\n\t\t\t\t<div class=\"elementor-widget-container\">\n\t\t\t\t\t\t\t<div class=\"elementor-divider\">\n\t\t\t<span class=\"elementor-divider-separator\">\n\t\t\t\t\t\t<\/span>\n\t\t<\/div>\n\t\t\t\t\t\t<\/div>\n\t\t\t\t<\/div>\n\t\t\t\t\t<\/div>\n\t\t<\/div>\n\t\t\t\t<div class=\"elementor-column elementor-col-50 elementor-top-column elementor-element elementor-element-031104d\" data-id=\"031104d\" data-element_type=\"column\">\n\t\t\t<div class=\"elementor-widget-wrap\">\n\t\t\t\t\t\t\t<\/div>\n\t\t<\/div>\n\t\t\t\t\t<\/div>\n\t\t<\/section>\n\t\t\t\t<section class=\"elementor-section elementor-top-section elementor-element elementor-element-352ce5d elementor-section-boxed elementor-section-height-default elementor-section-height-default\" data-id=\"352ce5d\" data-element_type=\"section\">\n\t\t\t\t\t\t<div class=\"elementor-container elementor-column-gap-default\">\n\t\t\t\t\t<div class=\"elementor-column elementor-col-50 elementor-top-column elementor-element elementor-element-f299490\" data-id=\"f299490\" data-element_type=\"column\">\n\t\t\t<div class=\"elementor-widget-wrap elementor-element-populated\">\n\t\t\t\t\t\t<div class=\"elementor-element elementor-element-7e8d208 elementor-widget elementor-widget-heading\" data-id=\"7e8d208\" data-element_type=\"widget\" data-widget_type=\"heading.default\">\n\t\t\t\t<div class=\"elementor-widget-container\">\n\t\t\t\t\t<h2 class=\"elementor-heading-title elementor-size-default\">Sonnenschutz vom Profi bei Saarbr\u00fccken im Saarland ...<\/h2>\t\t\t\t<\/div>\n\t\t\t\t<\/div>\n\t\t\t\t<div class=\"elementor-element elementor-element-9d613bc elementor-widget elementor-widget-text-editor\" data-id=\"9d613bc\" data-element_type=\"widget\" data-widget_type=\"text-editor.default\">\n\t\t\t\t<div class=\"elementor-widget-container\">\n\t\t\t\t\t\t\t\t\t<p>Echtes Tageslicht in Ihren R\u00e4umen steigert nachweislich Ihr Wohlbefinden und wirkt sich positiv auf ein gesundes und angenehmes Arbeits- und Wohnklima aus.<\/p><p>Zuviel Sonneneinstrahlung in R\u00e4umen wirkt sich allerdings negativ aus, z.B. dann, wenn sich R\u00e4ume durch ganzt\u00e4gige Sonne aufheizen, durch Blendung Ihres Bildschirms, die sch\u00e4dliche UV-Strahlung f\u00fcr Sie, Ihre Mitarbeiter oder Ihre Familie und auch f\u00fcr Ihr Mobiliar und viele Materialien besteht oft kein ausreichender Schutz, wie z.B. vor Verblassen.<\/p><p>Als Ihre Profis aus Lebach bei Saarbr\u00fccken im Saarland unterst\u00fctzen wir Sie bei der fachgem\u00e4\u00dfen Auswahl der Sonnenschutzfolie, damit Sie weder zu dunkel noch zu hell f\u00fcr Ihre Bed\u00fcrfnisse ist. Im Handumdrehen genie\u00dfen Sie wieder alle positiven Eigenschaften Ihrer bestehenden Verglasung und k\u00f6nnen sich auf das Wesentliche konzentrieren!<\/p><p>Ein nicht zu untersch\u00e4tzender Mehrwert besteht darin, dass Sie durch den Einsatz von qualitativ hochwertiger Sonnenschutzfolie, die die W\u00e4rme von au\u00dfen abweisen und gleichzeitig f\u00fcr gleichm\u00e4\u00dfige Innentemperaturen sorgen und somit W\u00e4rmeverluste verhindern auch bis zu 30% Ihrer bestehenden K\u00fchl und Heizkosten einsparen!<\/p><p>Der Einsatz gut ausgew\u00e4hlter und angebrachter Sonnenschutzfolien ist somit ein kosteng\u00fcnstigerer Ersatz zu einer energetischen Sanierung oder dem aufwendigen, kostenintensiven Austausch von Fensterfronten.<\/p>\t\t\t\t\t\t\t\t<\/div>\n\t\t\t\t<\/div>\n\t\t\t\t\t<\/div>\n\t\t<\/div>\n\t\t\t\t<div class=\"elementor-column elementor-col-50 elementor-top-column elementor-element elementor-element-51c8d16\" data-id=\"51c8d16\" data-element_type=\"column\">\n\t\t\t<div class=\"elementor-widget-wrap elementor-element-populated\">\n\t\t\t\t\t\t<div class=\"elementor-element elementor-element-72d4961 elementor-hidden-phone elementor-widget elementor-widget-spacer\" data-id=\"72d4961\" data-element_type=\"widget\" data-widget_type=\"spacer.default\">\n\t\t\t\t<div class=\"elementor-widget-container\">\n\t\t\t\t\t\t\t<div class=\"elementor-spacer\">\n\t\t\t<div class=\"elementor-spacer-inner\"><\/div>\n\t\t<\/div>\n\t\t\t\t\t\t<\/div>\n\t\t\t\t<\/div>\n\t\t\t\t<div class=\"elementor-element elementor-element-3a02d88 elementor-widget elementor-widget-text-editor\" data-id=\"3a02d88\" data-element_type=\"widget\" data-widget_type=\"text-editor.default\">\n\t\t\t\t<div class=\"elementor-widget-container\">\n\t\t\t\t\t\t\t\t\t<p>Eine Investition in Sonnenschutzfolie lohnt sich nicht nur f\u00fcr Bauherren, Gesch\u00e4ftsinhaber oder Betreiber von B\u00fcror\u00e4umen, sondern f\u00fcr alle Besitzer von Geb\u00e4uden mit Glasfronten.<\/p><p>Wenn auch Sie langfristig von der Schutzfunktion der Folie profitieren m\u00f6chten, nehmen Sie gerne Kontakt \u00fcber unser Formular auf oder rufen Sie uns an!<\/p><p>Unter <a href=\"https:\/\/goerg.werbetechniker.cc\/de\/aufkleber\/schaufenster-und-werbeaufkleber\/sonnenschutzfolie\/782\/sonnenschutzfolien\">Werbetechniker.cc\/Sonnenschutzfolien<\/a> finden Sie zwei Sonnenschutzfolien f\u00fcr eine regul\u00e4re Folierung zur Auswahl.<\/p><p>Unser Portfolio an Sonnenschutzfolien umfasst eine gro\u00dfe Auswahl an T\u00f6nungen und Ausf\u00fchrungen,<br \/>in einem Beratungsgespr\u00e4ch finden wir den zuverl\u00e4ssigen Hitze- und Blendschutz f\u00fcr Sie.<\/p><p>Sie m\u00f6chten mehr sehen? Dann besuchen Sie uns doch mal in unserem <a href=\"https:\/\/www.goerg-werbetechnik.de\/index.php\/blog\/\">Blog<\/a>.<\/p>\t\t\t\t\t\t\t\t<\/div>\n\t\t\t\t<\/div>\n\t\t\t\t<div class=\"elementor-element elementor-element-46e55ae elementor-widget elementor-widget-image\" data-id=\"46e55ae\" data-element_type=\"widget\" data-widget_type=\"image.default\">\n\t\t\t\t<div class=\"elementor-widget-container\">\n\t\t\t\t\t\t\t\t\t\t\t\t\t\t\t\t<a href=\"https:\/\/goerg.werbetechniker.cc\">\n\t\t\t\t\t\t\t<img fetchpriority=\"high\" decoding=\"async\" width=\"800\" height=\"159\" src=\"https:\/\/www.goerg-werbetechnik.de\/wp-content\/uploads\/2020\/08\/Logo-Nachbau-f-Webseite-unten-820-1024x204.png\" class=\"attachment-large size-large wp-image-1376\" alt=\"\" srcset=\"https:\/\/www.goerg-werbetechnik.de\/wp-content\/uploads\/2020\/08\/Logo-Nachbau-f-Webseite-unten-820-1024x204.png 1024w, https:\/\/www.goerg-werbetechnik.de\/wp-content\/uploads\/2020\/08\/Logo-Nachbau-f-Webseite-unten-820-300x60.png 300w, https:\/\/www.goerg-werbetechnik.de\/wp-content\/uploads\/2020\/08\/Logo-Nachbau-f-Webseite-unten-820-768x153.png 768w, https:\/\/www.goerg-werbetechnik.de\/wp-content\/uploads\/2020\/08\/Logo-Nachbau-f-Webseite-unten-820.png 1482w\" sizes=\"(max-width: 800px) 100vw, 800px\" \/>\t\t\t\t\t\t\t\t<\/a>\n\t\t\t\t\t\t\t\t\t\t\t\t\t\t\t<\/div>\n\t\t\t\t<\/div>\n\t\t\t\t\t<\/div>\n\t\t<\/div>\n\t\t\t\t\t<\/div>\n\t\t<\/section>\n\t\t\t\t<section class=\"elementor-section elementor-top-section elementor-element elementor-element-266ea65 elementor-section-boxed elementor-section-height-default elementor-section-height-default\" data-id=\"266ea65\" data-element_type=\"section\">\n\t\t\t\t\t\t<div class=\"elementor-container elementor-column-gap-default\">\n\t\t\t\t\t<div class=\"elementor-column elementor-col-100 elementor-top-column elementor-element elementor-element-e099cbd\" data-id=\"e099cbd\" data-element_type=\"column\">\n\t\t\t<div class=\"elementor-widget-wrap elementor-element-populated\">\n\t\t\t\t\t\t<div class=\"elementor-element elementor-element-cc22287 elementor-widget elementor-widget-gallery\" data-id=\"cc22287\" data-element_type=\"widget\" data-settings=\"{&quot;aspect_ratio&quot;:&quot;16:9&quot;,&quot;lazyload&quot;:&quot;yes&quot;,&quot;gallery_layout&quot;:&quot;grid&quot;,&quot;columns&quot;:4,&quot;columns_tablet&quot;:2,&quot;columns_mobile&quot;:1,&quot;gap&quot;:{&quot;unit&quot;:&quot;px&quot;,&quot;size&quot;:10,&quot;sizes&quot;:[]},&quot;gap_tablet&quot;:{&quot;unit&quot;:&quot;px&quot;,&quot;size&quot;:10,&quot;sizes&quot;:[]},&quot;gap_mobile&quot;:{&quot;unit&quot;:&quot;px&quot;,&quot;size&quot;:10,&quot;sizes&quot;:[]},&quot;link_to&quot;:&quot;file&quot;,&quot;overlay_background&quot;:&quot;yes&quot;,&quot;content_hover_animation&quot;:&quot;fade-in&quot;}\" data-widget_type=\"gallery.default\">\n\t\t\t\t<div class=\"elementor-widget-container\">\n\t\t\t\t\t\t\t<div class=\"elementor-gallery__container\">\n\t\t\t\t\t\t\t<a class=\"e-gallery-item elementor-gallery-item elementor-animated-content\" href=\"https:\/\/www.goerg-werbetechnik.de\/wp-content\/uploads\/2020\/08\/AdobeStock_339702356-scaled.jpeg\" data-elementor-open-lightbox=\"yes\" data-elementor-lightbox-slideshow=\"cc22287\" data-elementor-lightbox-title=\"03\" data-e-action-hash=\"#elementor-action%3Aaction%3Dlightbox%26settings%3DeyJpZCI6MTEzMiwidXJsIjoiaHR0cHM6XC9cL3d3dy5nb2VyZy13ZXJiZXRlY2huaWsuZGVcL3dwLWNvbnRlbnRcL3VwbG9hZHNcLzIwMjBcLzA4XC9BZG9iZVN0b2NrXzMzOTcwMjM1Ni1zY2FsZWQuanBlZyIsInNsaWRlc2hvdyI6ImNjMjIyODcifQ%3D%3D\">\n\t\t\t\t\t<div class=\"e-gallery-image elementor-gallery-item__image\" data-thumbnail=\"https:\/\/www.goerg-werbetechnik.de\/wp-content\/uploads\/2020\/08\/AdobeStock_339702356-768x512.jpeg\" data-width=\"768\" data-height=\"512\" aria-label=\"\" role=\"img\" ><\/div>\n\t\t\t\t\t\t\t\t\t\t\t<div class=\"elementor-gallery-item__overlay\"><\/div>\n\t\t\t\t\t\t\t\t\t\t\t\t\t\t<\/a>\n\t\t\t\t\t\t\t<a class=\"e-gallery-item elementor-gallery-item elementor-animated-content\" href=\"https:\/\/www.goerg-werbetechnik.de\/wp-content\/uploads\/2020\/08\/WhatsApp-Image-2020-03-28-at-21.42.37.jpeg\" data-elementor-open-lightbox=\"yes\" data-elementor-lightbox-slideshow=\"cc22287\" data-elementor-lightbox-title=\"02\" data-e-action-hash=\"#elementor-action%3Aaction%3Dlightbox%26settings%3DeyJpZCI6MTEzMywidXJsIjoiaHR0cHM6XC9cL3d3dy5nb2VyZy13ZXJiZXRlY2huaWsuZGVcL3dwLWNvbnRlbnRcL3VwbG9hZHNcLzIwMjBcLzA4XC9XaGF0c0FwcC1JbWFnZS0yMDIwLTAzLTI4LWF0LTIxLjQyLjM3LmpwZWciLCJzbGlkZXNob3ciOiJjYzIyMjg3In0%3D\">\n\t\t\t\t\t<div class=\"e-gallery-image elementor-gallery-item__image\" data-thumbnail=\"https:\/\/www.goerg-werbetechnik.de\/wp-content\/uploads\/2020\/08\/WhatsApp-Image-2020-03-28-at-21.42.37-768x1024.jpeg\" data-width=\"768\" data-height=\"1024\" aria-label=\"\" role=\"img\" ><\/div>\n\t\t\t\t\t\t\t\t\t\t\t<div class=\"elementor-gallery-item__overlay\"><\/div>\n\t\t\t\t\t\t\t\t\t\t\t\t\t\t<\/a>\n\t\t\t\t\t\t\t<a class=\"e-gallery-item elementor-gallery-item elementor-animated-content\" href=\"https:\/\/www.goerg-werbetechnik.de\/wp-content\/uploads\/2020\/08\/AdobeStock_282078311b-scaled.jpg\" data-elementor-open-lightbox=\"yes\" data-elementor-lightbox-slideshow=\"cc22287\" data-elementor-lightbox-title=\"01\" data-e-action-hash=\"#elementor-action%3Aaction%3Dlightbox%26settings%3DeyJpZCI6MTEzNSwidXJsIjoiaHR0cHM6XC9cL3d3dy5nb2VyZy13ZXJiZXRlY2huaWsuZGVcL3dwLWNvbnRlbnRcL3VwbG9hZHNcLzIwMjBcLzA4XC9BZG9iZVN0b2NrXzI4MjA3ODMxMWItc2NhbGVkLmpwZyIsInNsaWRlc2hvdyI6ImNjMjIyODcifQ%3D%3D\">\n\t\t\t\t\t<div class=\"e-gallery-image elementor-gallery-item__image\" data-thumbnail=\"https:\/\/www.goerg-werbetechnik.de\/wp-content\/uploads\/2020\/08\/AdobeStock_282078311b-768x512.jpg\" data-width=\"768\" data-height=\"512\" aria-label=\"Sonnenschutzfolien bei Saarbr\u00fccken im Saarland\" role=\"img\" ><\/div>\n\t\t\t\t\t\t\t\t\t\t\t<div class=\"elementor-gallery-item__overlay\"><\/div>\n\t\t\t\t\t\t\t\t\t\t\t\t\t\t<\/a>\n\t\t\t\t\t\t\t<a class=\"e-gallery-item elementor-gallery-item elementor-animated-content\" href=\"https:\/\/www.goerg-werbetechnik.de\/wp-content\/uploads\/2020\/08\/AdobeStock_293867177-scaled.jpeg\" data-elementor-open-lightbox=\"yes\" data-elementor-lightbox-slideshow=\"cc22287\" data-elementor-lightbox-title=\"04\" data-e-action-hash=\"#elementor-action%3Aaction%3Dlightbox%26settings%3DeyJpZCI6MTEzMSwidXJsIjoiaHR0cHM6XC9cL3d3dy5nb2VyZy13ZXJiZXRlY2huaWsuZGVcL3dwLWNvbnRlbnRcL3VwbG9hZHNcLzIwMjBcLzA4XC9BZG9iZVN0b2NrXzI5Mzg2NzE3Ny1zY2FsZWQuanBlZyIsInNsaWRlc2hvdyI6ImNjMjIyODcifQ%3D%3D\">\n\t\t\t\t\t<div class=\"e-gallery-image elementor-gallery-item__image\" data-thumbnail=\"https:\/\/www.goerg-werbetechnik.de\/wp-content\/uploads\/2020\/08\/AdobeStock_293867177-768x512.jpeg\" data-width=\"768\" data-height=\"512\" aria-label=\"\" role=\"img\" ><\/div>\n\t\t\t\t\t\t\t\t\t\t\t<div class=\"elementor-gallery-item__overlay\"><\/div>\n\t\t\t\t\t\t\t\t\t\t\t\t\t\t<\/a>\n\t\t\t\t\t<\/div>\n\t\t\t\t\t<\/div>\n\t\t\t\t<\/div>\n\t\t\t\t<div class=\"elementor-element elementor-element-0fbaf92 elementor-widget elementor-widget-spacer\" data-id=\"0fbaf92\" data-element_type=\"widget\" data-widget_type=\"spacer.default\">\n\t\t\t\t<div class=\"elementor-widget-container\">\n\t\t\t\t\t\t\t<div class=\"elementor-spacer\">\n\t\t\t<div class=\"elementor-spacer-inner\"><\/div>\n\t\t<\/div>\n\t\t\t\t\t\t<\/div>\n\t\t\t\t<\/div>\n\t\t\t\t<div class=\"elementor-element elementor-element-10b0baa elementor-widget elementor-widget-heading\" data-id=\"10b0baa\" data-element_type=\"widget\" data-widget_type=\"heading.default\">\n\t\t\t\t<div class=\"elementor-widget-container\">\n\t\t\t\t\t<h2 class=\"elementor-heading-title elementor-size-default\">G\u00f6rg Werbetechnik - Ihr zuverl\u00e4ssiger Profi f\u00fcr Sonnenschutzfolien aus Lebach bei Saarbr\u00fccken im Saarland<\/h2>\t\t\t\t<\/div>\n\t\t\t\t<\/div>\n\t\t\t\t\t<\/div>\n\t\t<\/div>\n\t\t\t\t\t<\/div>\n\t\t<\/section>\n\t\t\t\t<section class=\"elementor-section elementor-inner-section elementor-element elementor-element-4b173340 elementor-section-boxed elementor-section-height-default elementor-section-height-default\" data-id=\"4b173340\" data-element_type=\"section\" data-settings=\"{&quot;shape_divider_bottom&quot;:&quot;opacity-tilt&quot;}\">\n\t\t\t\t\t<div class=\"elementor-shape elementor-shape-bottom\" data-negative=\"false\">\n\t\t\t<svg xmlns=\"http:\/\/www.w3.org\/2000\/svg\" viewBox=\"0 0 2600 131.1\" preserveAspectRatio=\"none\">\n\t<path class=\"elementor-shape-fill\" d=\"M0 0L2600 0 2600 69.1 0 0z\"\/>\n\t<path class=\"elementor-shape-fill\" style=\"opacity:0.5\" d=\"M0 0L2600 0 2600 69.1 0 69.1z\"\/>\n\t<path class=\"elementor-shape-fill\" style=\"opacity:0.25\" d=\"M2600 0L0 0 0 130.1 2600 69.1z\"\/>\n<\/svg>\t\t<\/div>\n\t\t\t\t\t<div class=\"elementor-container elementor-column-gap-default\">\n\t\t\t\t\t<div class=\"elementor-column elementor-col-33 elementor-inner-column elementor-element elementor-element-5236b825\" data-id=\"5236b825\" data-element_type=\"column\">\n\t\t\t<div class=\"elementor-widget-wrap elementor-element-populated\">\n\t\t\t\t\t\t<div class=\"elementor-element elementor-element-7e1c4835 elementor-view-stacked elementor-shape-square elementor-position-top elementor-mobile-position-top elementor-widget elementor-widget-icon-box\" data-id=\"7e1c4835\" data-element_type=\"widget\" data-widget_type=\"icon-box.default\">\n\t\t\t\t<div class=\"elementor-widget-container\">\n\t\t\t\t\t\t\t<div class=\"elementor-icon-box-wrapper\">\n\n\t\t\t\t\t\t<div class=\"elementor-icon-box-icon\">\n\t\t\t\t<span  class=\"elementor-icon\">\n\t\t\t\t<i aria-hidden=\"true\" class=\"fas fa-phone\"><\/i>\t\t\t\t<\/span>\n\t\t\t<\/div>\n\t\t\t\n\t\t\t\t\t\t<div class=\"elementor-icon-box-content\">\n\n\t\t\t\t\t\t\t\t\t<h3 class=\"elementor-icon-box-title\">\n\t\t\t\t\t\t<span  >\n\t\t\t\t\t\t\tRufnummer & Mail\t\t\t\t\t\t<\/span>\n\t\t\t\t\t<\/h3>\n\t\t\t\t\n\t\t\t\t\t\t\t\t\t<p class=\"elementor-icon-box-description\">\n\t\t\t\t\t\tTel.: <a href=\"tel:+4968819349696\">+49 6881 9349696<\/a><br>Mail: <a href=\"mailto:info@goerg-werbetechnik.de\">info@goerg-werbetechnik.de<\/a>\t\t\t\t\t<\/p>\n\t\t\t\t\n\t\t\t<\/div>\n\t\t\t\n\t\t<\/div>\n\t\t\t\t\t\t<\/div>\n\t\t\t\t<\/div>\n\t\t\t\t\t<\/div>\n\t\t<\/div>\n\t\t\t\t<div class=\"elementor-column elementor-col-33 elementor-inner-column elementor-element elementor-element-7e86b963\" data-id=\"7e86b963\" data-element_type=\"column\">\n\t\t\t<div class=\"elementor-widget-wrap elementor-element-populated\">\n\t\t\t\t\t\t<div class=\"elementor-element elementor-element-18873b1b elementor-view-stacked elementor-shape-square elementor-position-top elementor-mobile-position-top elementor-widget elementor-widget-icon-box\" data-id=\"18873b1b\" data-element_type=\"widget\" data-widget_type=\"icon-box.default\">\n\t\t\t\t<div class=\"elementor-widget-container\">\n\t\t\t\t\t\t\t<div class=\"elementor-icon-box-wrapper\">\n\n\t\t\t\t\t\t<div class=\"elementor-icon-box-icon\">\n\t\t\t\t<span  class=\"elementor-icon\">\n\t\t\t\t<i aria-hidden=\"true\" class=\"far fa-comment-alt\"><\/i>\t\t\t\t<\/span>\n\t\t\t<\/div>\n\t\t\t\n\t\t\t\t\t\t<div class=\"elementor-icon-box-content\">\n\n\t\t\t\t\t\t\t\t\t<h3 class=\"elementor-icon-box-title\">\n\t\t\t\t\t\t<span  >\n\t\t\t\t\t\t\tKontaktieren Sie Uns\t\t\t\t\t\t<\/span>\n\t\t\t\t\t<\/h3>\n\t\t\t\t\n\t\t\t\t\n\t\t\t<\/div>\n\t\t\t\n\t\t<\/div>\n\t\t\t\t\t\t<\/div>\n\t\t\t\t<\/div>\n\t\t\t\t<div class=\"elementor-element elementor-element-33e0b7a0 elementor-align-center elementor-widget elementor-widget-button\" data-id=\"33e0b7a0\" data-element_type=\"widget\" data-widget_type=\"button.default\">\n\t\t\t\t<div class=\"elementor-widget-container\">\n\t\t\t\t\t\t\t\t\t<div class=\"elementor-button-wrapper\">\n\t\t\t\t\t<a class=\"elementor-button elementor-button-link elementor-size-sm\" href=\"https:\/\/www.goerg-werbetechnik.de\/index.php\/kontakt\">\n\t\t\t\t\t\t<span class=\"elementor-button-content-wrapper\">\n\t\t\t\t\t\t\t\t\t<span class=\"elementor-button-text\">Jetzt Anfrage Senden!<\/span>\n\t\t\t\t\t<\/span>\n\t\t\t\t\t<\/a>\n\t\t\t\t<\/div>\n\t\t\t\t\t\t\t\t<\/div>\n\t\t\t\t<\/div>\n\t\t\t\t\t<\/div>\n\t\t<\/div>\n\t\t\t\t<div class=\"elementor-column elementor-col-33 elementor-inner-column elementor-element elementor-element-7acb0cc7\" data-id=\"7acb0cc7\" data-element_type=\"column\">\n\t\t\t<div class=\"elementor-widget-wrap elementor-element-populated\">\n\t\t\t\t\t\t<div class=\"elementor-element elementor-element-63fa4e26 elementor-view-stacked elementor-shape-square elementor-position-top elementor-mobile-position-top elementor-widget elementor-widget-icon-box\" data-id=\"63fa4e26\" data-element_type=\"widget\" data-widget_type=\"icon-box.default\">\n\t\t\t\t<div class=\"elementor-widget-container\">\n\t\t\t\t\t\t\t<div class=\"elementor-icon-box-wrapper\">\n\n\t\t\t\t\t\t<div class=\"elementor-icon-box-icon\">\n\t\t\t\t<span  class=\"elementor-icon\">\n\t\t\t\t<i aria-hidden=\"true\" class=\"fas fa-shopping-cart\"><\/i>\t\t\t\t<\/span>\n\t\t\t<\/div>\n\t\t\t\n\t\t\t\t\t\t<div class=\"elementor-icon-box-content\">\n\n\t\t\t\t\t\t\t\t\t<h3 class=\"elementor-icon-box-title\">\n\t\t\t\t\t\t<span  >\n\t\t\t\t\t\t\tShops\t\t\t\t\t\t<\/span>\n\t\t\t\t\t<\/h3>\n\t\t\t\t\n\t\t\t\t\t\t\t\t\t<p class=\"elementor-icon-box-description\">\n\t\t\t\t\t\t<a href=\"https:\/\/goerg.raumzeit.cc\/de\/\">Raumzeit Online Shop<\/a><br><a href=\"https:\/\/goerg.werbetechniker.cc\/de\/\">Werbetechniker Online Shop<\/a><br><a href=\"https:\/\/goerg-werbetechnik.werbeartikel.co\/\">Werbeartikel Shop<\/a>\t\t\t\t\t<\/p>\n\t\t\t\t\n\t\t\t<\/div>\n\t\t\t\n\t\t<\/div>\n\t\t\t\t\t\t<\/div>\n\t\t\t\t<\/div>\n\t\t\t\t\t<\/div>\n\t\t<\/div>\n\t\t\t\t\t<\/div>\n\t\t<\/section>\n\t\t\t\t<\/div>\n\t\t","protected":false},"excerpt":{"rendered":"<p>Sonnenschutz Sonnenschutz vom Profi bei Saarbr\u00fccken im Saarland &#8230; Echtes Tageslicht in Ihren R\u00e4umen steigert nachweislich Ihr Wohlbefinden und wirkt sich positiv auf ein gesundes und angenehmes Arbeits- und Wohnklima aus. Zuviel Sonneneinstrahlung in R\u00e4umen wirkt sich allerdings negativ aus, z.B. dann, wenn sich R\u00e4ume durch ganzt\u00e4gige Sonne aufheizen, durch Blendung Ihres Bildschirms, die sch\u00e4dliche [&hellip;]<\/p>\n","protected":false},"author":1,"featured_media":1694,"parent":0,"menu_order":0,"comment_status":"closed","ping_status":"closed","template":"","meta":{"footnotes":""},"class_list":["post-554","page","type-page","status-publish","has-post-thumbnail","hentry"],"_links":{"self":[{"href":"https:\/\/www.goerg-werbetechnik.de\/index.php\/wp-json\/wp\/v2\/pages\/554","targetHints":{"allow":["GET"]}}],"collection":[{"href":"https:\/\/www.goerg-werbetechnik.de\/index.php\/wp-json\/wp\/v2\/pages"}],"about":[{"href":"https:\/\/www.goerg-werbetechnik.de\/index.php\/wp-json\/wp\/v2\/types\/page"}],"author":[{"embeddable":true,"href":"https:\/\/www.goerg-werbetechnik.de\/index.php\/wp-json\/wp\/v2\/users\/1"}],"replies":[{"embeddable":true,"href":"https:\/\/www.goerg-werbetechnik.de\/index.php\/wp-json\/wp\/v2\/comments?post=554"}],"version-history":[{"count":7,"href":"https:\/\/www.goerg-werbetechnik.de\/index.php\/wp-json\/wp\/v2\/pages\/554\/revisions"}],"predecessor-version":[{"id":2246,"href":"https:\/\/www.goerg-werbetechnik.de\/index.php\/wp-json\/wp\/v2\/pages\/554\/revisions\/2246"}],"wp:featuredmedia":[{"embeddable":true,"href":"https:\/\/www.goerg-werbetechnik.de\/index.php\/wp-json\/wp\/v2\/media\/1694"}],"wp:attachment":[{"href":"https:\/\/www.goerg-werbetechnik.de\/index.php\/wp-json\/wp\/v2\/media?parent=554"}],"curies":[{"name":"wp","href":"https:\/\/api.w.org\/{rel}","templated":true}]}}